{"id":104,"date":"2013-11-21T21:00:28","date_gmt":"2013-11-21T20:00:28","guid":{"rendered":"http:\/\/www.zsg-altenmarkt.de\/?page_id=104"},"modified":"2025-10-12T10:30:58","modified_gmt":"2025-10-12T08:30:58","slug":"anfangsschiessen","status":"publish","type":"page","link":"https:\/\/www.zsg-altenmarkt.de\/?page_id=104","title":{"rendered":"Anfangsschie\u00dfen 2025\/26"},"content":{"rendered":"<p>Die Zimmerstutzen-Sch\u00fctzen er\u00f6ffneten die neue Schie\u00dfsaison mit dem Anfangsschie\u00dfen, bei dem sich 34 Sch\u00fctzen beteiligten.<\/p>\n<p><strong>Die Ergebnisse:<br \/>\n<\/strong><strong>Luftgewehr: Ring\/Blattl-Wertung:<\/strong> 1. Monika Auer (93 Ringe), 2. Barthl T\u00f6gel (13,4 Teiler),<br \/>\n3. Stefan Baumgartner&nbsp; (93 Ringe), 4. Gabi schwarz,&nbsp; 5. LukasRechenmacher, 6.Iris T\u00f6gel;&nbsp;<br \/>\n<strong>Anfangsscheibe:<\/strong> 1. Iris T\u00f6gel (3,0 Teiler), 2. Stefan Schwankner (30,2 Teiler),<br \/>\n3. Monika Auer (31,9 Teiler), 4. Yvonne Br\u00fcckner, 5. Robert Tischer;<br \/>\n<strong>Luftpistole:&nbsp;<\/strong><strong>Ring\/Blattl-Wertung:<\/strong> 1. Helmut Sauerwald (89 Ringe), 2. Robert Tischer (48,9 Teiler), 3. Ernst Feichtner (86 Ringe), 4. Gerald H\u00f6rterer;<br \/>\n<strong>Anfangscheibe:<\/strong> 1. Gerald H\u00f6rterer (125,7 Teiler), 2. Ernst Feichtner (229,0 Teiler),<br \/>\n3. Helmut Sauerwald (246,2 Teiler), 4. Robert Tischer;<br \/>\n<strong>Aufgelegt LG\/LP:&nbsp;<\/strong><strong>Ring\/Blattl-Wertung:<\/strong> 1. Nicolai Root (105,7 Ringe), 2. Hans Schwankner (8,0 Teiler), 3. Ilona Baumgartner (105,0 Ringe), 4. Ludmila Root, 5. G\u00fcnther Deml;<br \/>\n<strong>Aufgelegt-Anfangsscheibe:<\/strong> 1. Hans Schwankner (2,0 Teiler), 2. Joachim Auer (5,6 Teiler), 3. Katharina Koten (6,0 Teiler), 4. Rosmarie Schwankner, 5. Ilona Baumgartner;<\/p>\n","protected":false},"excerpt":{"rendered":"<p>Die Zimmerstutzen-Sch\u00fctzen er\u00f6ffneten die neue Schie\u00dfsaison mit dem Anfangsschie\u00dfen, bei dem sich 34 Sch\u00fctzen beteiligten. Die Ergebnisse: Luftgewehr: Ring\/Blattl-Wertung: 1. Monika Auer (93 Ringe), 2. Barthl T\u00f6gel (13,4 Teiler), 3. Stefan Baumgartner&nbsp; (93 Ringe), 4. Gabi schwarz,&nbsp; 5. LukasRechenmacher, 6.Iris T\u00f6gel;&nbsp; Anfangsscheibe: 1. Iris T\u00f6gel (3,0 Teiler), 2. Stefan Schwankner (30,2 Teiler), 3. Monika Auer &hellip; <a href=\"https:\/\/www.zsg-altenmarkt.de\/?page_id=104\" class=\"more-link\"><span class=\"screen-reader-text\">Anfangsschie\u00dfen 2025\/26<\/span> weiterlesen <span class=\"meta-nav\">&rarr;<\/span><\/a><\/p>\n","protected":false},"author":1,"featured_media":0,"parent":0,"menu_order":0,"comment_status":"closed","ping_status":"closed","template":"","meta":{"ngg_post_thumbnail":0,"_mc_calendar":[],"footnotes":""},"class_list":["post-104","page","type-page","status-publish","hentry"],"_links":{"self":[{"href":"https:\/\/www.zsg-altenmarkt.de\/index.php?rest_route=\/wp\/v2\/pages\/104","targetHints":{"allow":["GET"]}}],"collection":[{"href":"https:\/\/www.zsg-altenmarkt.de\/index.php?rest_route=\/wp\/v2\/pages"}],"about":[{"href":"https:\/\/www.zsg-altenmarkt.de\/index.php?rest_route=\/wp\/v2\/types\/page"}],"author":[{"embeddable":true,"href":"https:\/\/www.zsg-altenmarkt.de\/index.php?rest_route=\/wp\/v2\/users\/1"}],"replies":[{"embeddable":true,"href":"https:\/\/www.zsg-altenmarkt.de\/index.php?rest_route=%2Fwp%2Fv2%2Fcomments&post=104"}],"version-history":[{"count":12,"href":"https:\/\/www.zsg-altenmarkt.de\/index.php?rest_route=\/wp\/v2\/pages\/104\/revisions"}],"predecessor-version":[{"id":2972,"href":"https:\/\/www.zsg-altenmarkt.de\/index.php?rest_route=\/wp\/v2\/pages\/104\/revisions\/2972"}],"wp:attachment":[{"href":"https:\/\/www.zsg-altenmarkt.de\/index.php?rest_route=%2Fwp%2Fv2%2Fmedia&parent=104"}],"curies":[{"name":"wp","href":"https:\/\/api.w.org\/{rel}","templated":true}]}}