{"id":116,"date":"2013-11-21T21:04:30","date_gmt":"2013-11-21T20:04:30","guid":{"rendered":"http:\/\/www.zsg-altenmarkt.de\/?page_id=116"},"modified":"2014-10-22T18:44:43","modified_gmt":"2014-10-22T16:44:43","slug":"info","status":"publish","type":"page","link":"https:\/\/www.zsg-altenmarkt.de\/?page_id=116","title":{"rendered":"Info"},"content":{"rendered":"<h3><span style=\"line-height: 1.5;\">Heutige Zeit und Tradition im Einklang<\/span><\/h3>\n<p>Aus den alten Unterlagen geht hervor, dass die Zimmerstutzengesellschaft im Jahr 1858 von Josef Clemente und Johann Wallner gegr\u00fcndet wurde. Sie z\u00e4hlt heute gut 150 Mitglieder.<\/p>\n<p>Die ersten Schie\u00dfprotokolle aus dem Gr\u00fcndungsjahr sind noch vorhanden. Unter Sch\u00fctzenmeister Franz Xaver Rechl wurde 1908 das 50-j\u00e4hrige Jubil\u00e4umsschie\u00dfen abgehalten. 126 Sch\u00fctzen aus dem gesamten ober- und niederbayerischen Raum beteiligten sich an diesem Ereignis.<\/p>\n<p>Gemeinsam mit der Sch\u00fctzengesellschaft Baumburg richteten die Zimmerstutzensch\u00fctzen 1959 das 100-j\u00e4hrige Jubil\u00e4umsschie\u00dfen aus. Im leerstehenden ehemaligen Fabrikgeb\u00e4ude Rucker wurden auf drei \u00fcbereinanderliegenden Ebenen 22 St\u00e4nde errichtet. An dieser Veranstaltung beteiligten sich 608 Sch\u00fctzen.<\/p>\n<p>1961 hatte die Gesellschaft zum Jubil\u00e4umsschie\u00dfen anl\u00e4sslich des 70. Geburtstages des Sch\u00fctzenmeisters Leo Lechner eingeladen. Die Beteiligung von 260 Sch\u00fctzen zeigte das hohe Ansehen, das er in Sch\u00fctzenkreisen genoss. Die Gl\u00fcckw\u00fcnsche und den Dank des Alzgaues Trostberg f\u00fcr 50-j\u00e4hrige Vereinszugeh\u00f6rigkeit und 30-j\u00e4hrige Arbeit als Sch\u00fctzenmeister \u00fcberbrachten Gausch\u00fctzenmeister Peter Holzner und Schriftf\u00fchrer Benedikt M\u00f6sl. Nach \u00fcber hundertj\u00e4hrigem Schie\u00dfbetrieb im Gasthaus \u201eZur Post\u201c wurde das Sch\u00fctzenlokal ins damalige Cafe Geyer verlegt. Um dort auf zwei St\u00e4nden schie\u00dfen zu k\u00f6nnen, musste ein Holzschacht in den Garten gebaut werden, weil das Lokal zu klein war. 1964 fand das Ged\u00e4chtnisschie\u00dfen f\u00fcr Johann Dietl, Georg Reisberger und Leo Lechner statt. Im Saal des Gasthauses \u201eZur Post\u201c wurden 16 St\u00e4nde aufgebaut. 260 Sch\u00fctzen versuchten ihr Gl\u00fcck auf Blattl und Ringe. 1965 ergab sich die M\u00f6glichkeit, den Schie\u00dfstand zu erweitern, weil die Sch\u00fctzenwirtin Rosa Winbeck das im Sch\u00fctzenlokal befindliche Lebensmittelgesch\u00e4ft aufgab. In diesen R\u00e4umen wurde Platz f\u00fcr f\u00fcnf Schie\u00dfst\u00e4nde geschaffen. Im Jahr 1968 wurde zum 110-j\u00e4hrigen Vereinsjubil\u00e4um ein Ged\u00e4chtnisschie\u00dfen f\u00fcr Franz Wimmer, Anton Erl, Georg Meier und Max Auer sowie ein Ehrenschie\u00dfen f\u00fcr Gerlinde Geyer-Popp zum Gewinn ihrer 1. Deutschen Meisterschaft abgehalten. Diese Veranstaltung war verbunden mit dem Gauschie\u00dfen des Alzgaues Trostberg. Um einen reibungslosen Ablauf zu gew\u00e4hrleisten, wurde bei der Angerm\u00fchle ein Festzelt mit 30 Schie\u00dfst\u00e4nden errichtet. 842 Sch\u00fctzen kamen nach Altenmarkt. Es wurden ca. 100.000 Scheiben verbraucht und 4.206 Blattl ausgewertet. Die Weitpreise gingen an Sch\u00fctzen aus Berlin und K\u00f6ln.<\/p>\n<h3><\/h3>\n<h3>Neues Sch\u00fctzenheim<\/h3>\n<p>Unter Sch\u00fctzenmeister Sepp Schwarz stellte sich mit dem Bau einer neuen Schie\u00dfst\u00e4tte die n\u00e4chste gro\u00dfe Aufgabe. Da der bisherige Stand den Anforderungen nicht mehr gen\u00fcgte, musste nach einer anderen L\u00f6sung umgeschaut werden. Es bot sich der alte Stadel des Gasthauses \u201eZur Post\u201c an. Nach Verhandlungen und Planungsvorbereitungen wurde am 7. August 1982 mit der Arbeit begonnen. F\u00fcr besonders schwierige Arbeiten stellte Eigent\u00fcmer Ludwig Dietl Fachkr\u00e4fte zur Verf\u00fcgung. Die einfacheren Maurerarbeiten, die Elektroinstallation, die Schreiner- und Malerarbeiten leisteten die Vereinsmitglieder. Hierf\u00fcr wurden ca. 800 Arbeitsstunden freiwillig erbracht. Am 18. Februar 1983 fand die Einweihung der neuen Anlage durch Pfarrer Josef Stigloher statt. Den ersten Schuss gaben Ehrensch\u00fctzenmeister Dominikus Kaltenhauser und Sch\u00fctzenk\u00f6nig Andreas Zehentner ab. Den festlichen Abschluss der Umbauarbeiten bildete das Er\u00f6ffnungsschie\u00dfen, verbunden mit dem 125-j\u00e4hrigem Jubil\u00e4ums- und Gauschie\u00dfen. Bei einer Beteiligung von 347 Sch\u00fctzen wurden Preise im Wert von 7.500,00 DM gegeben.<\/p>\n<p>Nachdem sich immer mehr Sch\u00fctzen der Luftpistole zuwandten, richtete die Gesellschaft unter Sch\u00fctzenmeister Hans Schwankner erstmals ein Preisschie\u00dfen f\u00fcr diese Disziplin aus. Das Interesse hierf\u00fcr bestand, zeigte die gute Beteiligung. Unter dem gew\u00e4hlten Namen \u201eDreik\u00f6nigsschie\u00dfen\u201c soll sich diese Veranstaltung im Alzgau Trostberg fortsetzen.<\/p>\n<p>1994 ging der Verein und Sch\u00fctzenmeister Hans Schwankner mit dem Ausbau des Sch\u00fctzenheims erneut eine gro\u00dfe Aufgabe an. In einer Bauzeit von nur 7 Monaten wurde in dem ehemaligen Poststadel der Schie\u00dfstand um- und im Obergeschoss ein Sch\u00fctzenst\u00fcberl mit Auswertraum und Toiletten eingebaut. Durch Eigenleistung der Mitglieder von ca. 1800 Arbeitsstunden und Spenden konnten die Baukosten mit 30.000,00 DM gering gehalten werden. Nach der Segnung der neuen R\u00e4ume im Oktober wurden sie an einem Tag der offenen T\u00fcr der Bev\u00f6lkerung vorgestellt.<\/p>\n<p>Der geplante Ausbau des hinteren Obergeschosses wurde im Fr\u00fchjahr 2002 begonnen. Es entstanden &#8211; gr\u00f6\u00dftenteils in Eigenleistung &#8211; ein Jugendraum, ein Umkleideraum, und vor allem wurden 4 neue Schie\u00dfst\u00e4nde eingebaut. Die Baukosten betrugen ca. 14.000,00 \u20ac.<\/p>\n<p>Damit wurden die Weichen f\u00fcr die Austragung eines gr\u00f6\u00dferen Wettbewerbs gestellt. Im Jahr 2003 wurde auch gleich ein Stander\u00f6ffnungs- und Gauschie\u00dfen durchgef\u00fchrt. Es standen 60 Sach- sowie 380 Geldpreise zur Verf\u00fcgung. Es starteten 520 Sch\u00fctzen aus 35 verschiedenen Vereinen.<\/p>\n<p>Am 07.03.2005 wurde die Eintragung in das Vereinsregister des Amtsgerichtes Traunstein unter der VR-Nr. 1157 vollzogen. Der Verein f\u00fchrt nun den Zusatz e.V.<\/p>\n<p>Mit dem Kauf des Sch\u00fctzenheimes Anfang 2006 wurde ein weiterer Meilenstein in der Vereinsgeschichte vollzogen. Durch den Erwerb des Sch\u00fctzenheims wurde das Domizil, das in mehreren Umbauphasen renoviert und eingerichtet wurde, gesichert. Viel ehrenamtliche Arbeit und ein erheblicher finanzielle Aufwand wurden geleistet, um das Vereinsheim in seinen jetzigen Zustand zu versetzen.<\/p>\n<h3>Rundenwettk\u00e4mpfe<\/h3>\n<p>Seit 1967 nimmt der Verein an Luftgewehr-Wettk\u00e4mpfen im Alzgau Trostberg teil. Im Jahre 1983 wurde eine 2. Mannschaft angemeldet. Ab 1989 beteiligten sich auch die Luftpistolensch\u00fctzen an diesen Wettk\u00e4mpfen und schafften in der Saison 1997\/98 erstmals den Aufstieg in die Bezirksklasse. Durch erfolgreiche Nachwuchsarbeit konnte 1996 eine Jugendmannschaft gemeldet werden, die 1999\/2000 den 1. Platz in der Gauklasse erreichte.<\/p>\n<h3>K\u00f6nigskette wieder heimgekehrt<\/h3>\n<p>Die Zimmerstutzen-Sch\u00fctzen waren bereits vor \u00fcber 70 Jahren im Besitz einer Sch\u00fctzenkette. Diese Sch\u00fctzenkette wurde letztmalig im Jahre 1939 ausgeschossen. Im Zuge der Kriegswirren, in denen der Betrieb eines Sch\u00fctzenvereines verboten war, ist diese Sch\u00fctzenkette abhanden gekommen. In den 50er-Jahren wurde eine neue Kette erworben, die auch heute noch Jahr f\u00fcr Jahr einem Sch\u00fctzenk\u00f6nig \u00fcberreicht wird. Hubert Schnugg, ein geb\u00fcrtiger Altenmarkter, lebt heute in Tettnang am Bodensee und geriet durch den Nachlass seines Vaters in den Besitz der verschollenen Sch\u00fctzenkette. Durch Nachforschungen ist er auf den Ursprung dieser Kette gesto\u00dfen. Er hat die Silberm\u00fcnzen zu neuem Glanz aufpolieren lassen und der Zimmerstutzen-Sch\u00fctzengesellschaft Altenmarkt wieder zukommen lassen, sozusagen an die Entstehungsst\u00e4tte zur\u00fcckgef\u00fchrt. Die Zimmerstutzen-Sch\u00fctzen bedanken sich bei Hubert Schnugg f\u00fcr die Heimkehr der Sch\u00fctzenkette, die einen erheblichen ideellen Wert darstellt. Nachdem der Verein seit Jahrzehnten eine Sch\u00fctzen- und eine Jugendkette besitzt, soll die heimgekehrte Kette nun unter den Pistolensch\u00fctzen einen neuen K\u00f6nig finden.<\/p>\n<h3>Das Vereinsleben<\/h3>\n<p>Die sportlichen Aktivit\u00e4ten beginnen jeweils im Oktober mit dem Anfangschie\u00dfen f\u00fcr Luftgewehr und Luftpistole. Bis Ende M\u00e4rz werden am Freitag regelm\u00e4\u00dfige \u00dcbungsschie\u00dfen abgehalten. Aufgelockert wird der sportliche Teil durch Zusammenk\u00fcnfte wie Weihnachtsfeiern, Nikolaus- und Faschingsschie\u00dfen. Regen Zuspruch finden Jubil\u00e4ums- und Geburtstagsschie\u00dfen, bei denen es Sch\u00fctzenscheiben als Hauptpreise zu gewinnen gibt. Mittlerweile etabliert hat sich das Kirchweihschie\u00dfen, das erstmals im Jahre 2003 ausgetragen wurde. Seit 2002 beteiligen sich einige Vereinsmitglieder bei Schie\u00dfveranstaltungen, die mit dem Traditionsgewehr \u201eZimmerstutzen\u201c absolviert werden. Im Alzgau Trostberg wird j\u00e4hrlich ein Zimmerstutzen-Preisschie\u00dfen abgehalten. Durch gute Leistungen bei den Gaumeisterschaften konnten zudem beachtliche Leistungen bei den Weiterf\u00fchrenden Meisterschaften erzielt werden. Stefan Schwankner erreichte 2005 mit der Mannschaft den 1. Platz bei den Bayerischen Meisterschaften.<\/p>\n<p>Besonderer Wert wird auf die F\u00f6rderung der Sch\u00fctzenjugend gelegt, wobei durch zus\u00e4tzliches Training bereits hervorragende Ergebnisse mit der Mannschaft, aber auch in der Einzelwertung bis zur Teilnahme an der Oberbayerischen und Bayerischen Meisterschaft erzielt wurden. Au\u00dferdem beteiligen sich die Mitglieder bei Preis- und Freundschaftsschie\u00dfen auch \u00fcber die Landkreisgrenzen hinaus. Die Sch\u00fctzenk\u00f6nige werden im Januar ermittelt und bei der Jahreshauptversammlung proklamiert. In den Sommermonaten beteiligt man sich an Gr\u00fcndungsfesten und Fahnenweihen bei Nachbarvereinen. Au\u00dferdem wird das Vereinsleben mit Radtouren, Bergwandern, Grillabenden, Schlauchbootfahren oder Zeltlager f\u00fcr die Jugend anziehend und aktiv gestaltet.<\/p>\n","protected":false},"excerpt":{"rendered":"<p>Heutige Zeit und Tradition im Einklang Aus den alten Unterlagen geht hervor, dass die Zimmerstutzengesellschaft im Jahr 1858 von Josef Clemente und Johann Wallner gegr\u00fcndet wurde. Sie z\u00e4hlt heute gut 150 Mitglieder. Die ersten Schie\u00dfprotokolle aus dem Gr\u00fcndungsjahr sind noch vorhanden. Unter Sch\u00fctzenmeister Franz Xaver Rechl wurde 1908 das 50-j\u00e4hrige Jubil\u00e4umsschie\u00dfen abgehalten. 126 Sch\u00fctzen aus &hellip; <a href=\"https:\/\/www.zsg-altenmarkt.de\/?page_id=116\" class=\"more-link\"><span class=\"screen-reader-text\">Info<\/span> weiterlesen <span class=\"meta-nav\">&rarr;<\/span><\/a><\/p>\n","protected":false},"author":1,"featured_media":0,"parent":321,"menu_order":0,"comment_status":"closed","ping_status":"closed","template":"","meta":{"ngg_post_thumbnail":0,"_mc_calendar":[],"footnotes":""},"class_list":["post-116","page","type-page","status-publish","hentry"],"_links":{"self":[{"href":"https:\/\/www.zsg-altenmarkt.de\/index.php?rest_route=\/wp\/v2\/pages\/116","targetHints":{"allow":["GET"]}}],"collection":[{"href":"https:\/\/www.zsg-altenmarkt.de\/index.php?rest_route=\/wp\/v2\/pages"}],"about":[{"href":"https:\/\/www.zsg-altenmarkt.de\/index.php?rest_route=\/wp\/v2\/types\/page"}],"author":[{"embeddable":true,"href":"https:\/\/www.zsg-altenmarkt.de\/index.php?rest_route=\/wp\/v2\/users\/1"}],"replies":[{"embeddable":true,"href":"https:\/\/www.zsg-altenmarkt.de\/index.php?rest_route=%2Fwp%2Fv2%2Fcomments&post=116"}],"version-history":[{"count":3,"href":"https:\/\/www.zsg-altenmarkt.de\/index.php?rest_route=\/wp\/v2\/pages\/116\/revisions"}],"predecessor-version":[{"id":170,"href":"https:\/\/www.zsg-altenmarkt.de\/index.php?rest_route=\/wp\/v2\/pages\/116\/revisions\/170"}],"up":[{"embeddable":true,"href":"https:\/\/www.zsg-altenmarkt.de\/index.php?rest_route=\/wp\/v2\/pages\/321"}],"wp:attachment":[{"href":"https:\/\/www.zsg-altenmarkt.de\/index.php?rest_route=%2Fwp%2Fv2%2Fmedia&parent=116"}],"curies":[{"name":"wp","href":"https:\/\/api.w.org\/{rel}","templated":true}]}}